{"id":186,"date":"2025-04-19T12:41:52","date_gmt":"2025-04-19T12:41:52","guid":{"rendered":"http:\/\/flashpack.tn\/?post_type=product&#038;p=186"},"modified":"2025-04-19T12:41:53","modified_gmt":"2025-04-19T12:41:53","slug":"film-etirable","status":"publish","type":"product","link":"https:\/\/flashpack.tn\/?product=film-etirable","title":{"rendered":"Film \u00e9tirable"},"content":{"rendered":"<p>Le\u00a0<strong>film \u00e9tirable,\u00a0<\/strong>plastique est un mat\u00e9riel id\u00e9al pour emballer, prot\u00e9ger, entourer ou fixer. Le\u00a0<strong>film plastique<\/strong> de grande qualit\u00e9 prot\u00e8ge les \u0153uvres d\u00b4art, les meubles, les tableaux, les cadres, les miroirs, etc&#8230; de l\u00b4humidit\u00e9 ou la poussi\u00e8re. Pour plus de confort, il est recommand\u00e9 d\u00b4utiliser un d\u00e9voir ou des poign\u00e9es pour film \u00e9tirable.<\/p>\n<h2><strong>Film \u00e9tirable, film plastique\u00a0<\/strong>&#8211; les caract\u00e9ristiques<\/h2>\n<ul>\n<li>20 \u00b5<\/li>\n<li>prim\u00e9 du label BondMark\u2122<\/li>\n<li>qualit\u00e9 pr\u00e9mium<\/li>\n<li>ne se d\u00e9chire pas<\/li>\n<li>imperm\u00e9able<\/li>\n<li>largeur de 500 mm<\/li>\n<li>longueur de 300 m\u00e8tres<\/li>\n<\/ul>\n<div id=\"gtx-trans\" style=\"position: absolute; left: 959px; top: 58.875px;\">\n<div class=\"gtx-trans-icon\"><\/div>\n<\/div>\n","protected":false},"excerpt":{"rendered":"<p>Le\u00a0film \u00e9tirable,\u00a0plastique est un mat\u00e9riel id\u00e9al pour emballer, prot\u00e9ger, entourer ou fixer. Le\u00a0film plastique de grande qualit\u00e9 prot\u00e8ge les \u0153uvres d\u00b4art, les meubles, les tableaux, les cadres, les miroirs, etc&#8230; de l\u00b4humidit\u00e9 ou la poussi\u00e8re. Pour plus de confort, il est recommand\u00e9 d\u00b4utiliser un d\u00e9voir ou des poign\u00e9es pour film \u00e9tirable. Film \u00e9tirable, film plastique\u00a0&#8211; [&hellip;]<\/p>\n","protected":false},"featured_media":187,"comment_status":"open","ping_status":"closed","template":"","meta":{"_regular_price":[],"currency_symbol":[],"ub_ctt_via":""},"product_cat":[35],"product_tag":[],"class_list":{"0":"post-186","1":"product","2":"type-product","3":"status-publish","4":"has-post-thumbnail","6":"product_cat-film-etirable","8":"first","9":"instock","10":"taxable","11":"shipping-taxable","12":"product-type-simple"},"post_slider_layout_featured_media_urls":{"thumbnail":["https:\/\/flashpack.tn\/wp-content\/uploads\/2025\/04\/film_machine-150x150.jpg",150,150,true],"post_slider_layout_landscape_large":["https:\/\/flashpack.tn\/wp-content\/uploads\/2025\/04\/film_machine.jpg",650,433,false],"post_slider_layout_portrait_large":["https:\/\/flashpack.tn\/wp-content\/uploads\/2025\/04\/film_machine.jpg",650,433,false],"post_slider_layout_square_large":["https:\/\/flashpack.tn\/wp-content\/uploads\/2025\/04\/film_machine.jpg",650,433,false],"post_slider_layout_landscape":["https:\/\/flashpack.tn\/wp-content\/uploads\/2025\/04\/film_machine-600x400.jpg",600,400,true],"post_slider_layout_portrait":["https:\/\/flashpack.tn\/wp-content\/uploads\/2025\/04\/film_machine-600x433.jpg",600,433,true],"post_slider_layout_square":["https:\/\/flashpack.tn\/wp-content\/uploads\/2025\/04\/film_machine-600x433.jpg",600,433,true],"full":["https:\/\/flashpack.tn\/wp-content\/uploads\/2025\/04\/film_machine.jpg",650,433,false]},"_links":{"self":[{"href":"https:\/\/flashpack.tn\/index.php?rest_route=\/wp\/v2\/product\/186","targetHints":{"allow":["GET"]}}],"collection":[{"href":"https:\/\/flashpack.tn\/index.php?rest_route=\/wp\/v2\/product"}],"about":[{"href":"https:\/\/flashpack.tn\/index.php?rest_route=\/wp\/v2\/types\/product"}],"replies":[{"embeddable":true,"href":"https:\/\/flashpack.tn\/index.php?rest_route=%2Fwp%2Fv2%2Fcomments&post=186"}],"wp:featuredmedia":[{"embeddable":true,"href":"https:\/\/flashpack.tn\/index.php?rest_route=\/wp\/v2\/media\/187"}],"wp:attachment":[{"href":"https:\/\/flashpack.tn\/index.php?rest_route=%2Fwp%2Fv2%2Fmedia&parent=186"}],"wp:term":[{"taxonomy":"product_cat","embeddable":true,"href":"https:\/\/flashpack.tn\/index.php?rest_route=%2Fwp%2Fv2%2Fproduct_cat&post=186"},{"taxonomy":"product_tag","embeddable":true,"href":"https:\/\/flashpack.tn\/index.php?rest_route=%2Fwp%2Fv2%2Fproduct_tag&post=186"}],"curies":[{"name":"wp","href":"https:\/\/api.w.org\/{rel}","templated":true}]}}