{"id":183,"date":"2025-04-19T12:37:36","date_gmt":"2025-04-19T12:37:36","guid":{"rendered":"http:\/\/flashpack.tn\/?post_type=product&#038;p=183"},"modified":"2025-04-19T12:37:36","modified_gmt":"2025-04-19T12:37:36","slug":"scotch-demballage-100x48","status":"publish","type":"product","link":"https:\/\/flashpack.tn\/?product=scotch-demballage-100x48","title":{"rendered":"Scotch d\u2019Emballage 100\u00d748"},"content":{"rendered":"<table class=\"woocommerce-product-attributes shop_attributes\">\n<tbody>\n<tr class=\"woocommerce-product-attributes-item woocommerce-product-attributes-item--attribute_r%c3%a9f%c3%a9rence\">\n<th class=\"woocommerce-product-attributes-item__label\">R\u00e9f\u00e9rence<\/th>\n<td class=\"woocommerce-product-attributes-item__value\">7300100C68<\/td>\n<\/tr>\n<tr class=\"woocommerce-product-attributes-item woocommerce-product-attributes-item--attribute_d%c3%a9signation\">\n<th class=\"woocommerce-product-attributes-item__label\">D\u00e9signation<\/th>\n<td class=\"woocommerce-product-attributes-item__value\">Scotch d&#8217;Emballage 100\u00d748<\/td>\n<\/tr>\n<tr class=\"woocommerce-product-attributes-item woocommerce-product-attributes-item--attribute_support\">\n<th class=\"woocommerce-product-attributes-item__label\">Support<\/th>\n<td class=\"woocommerce-product-attributes-item__value\">Polypropyl\u00e8ne<\/td>\n<\/tr>\n<tr class=\"woocommerce-product-attributes-item woocommerce-product-attributes-item--attribute_pa_color\">\n<th class=\"woocommerce-product-attributes-item__label\">color<\/th>\n<td class=\"woocommerce-product-attributes-item__value\"><a href=\"https:\/\/www.purple.tn\/color\/incolore\/\" rel=\"tag\">Incolore<\/a><\/td>\n<\/tr>\n<\/tbody>\n<\/table>\n<p><img loading=\"lazy\" decoding=\"async\" class=\"alignnone size-medium wp-image-184\" src=\"http:\/\/flashpack.tn\/wp-content\/uploads\/2025\/04\/Scotch-dEmballage-100x48_Plan-de-travail-1-300x269.png\" alt=\"\" width=\"300\" height=\"269\" srcset=\"https:\/\/flashpack.tn\/wp-content\/uploads\/2025\/04\/Scotch-dEmballage-100x48_Plan-de-travail-1-300x269.png 300w, https:\/\/flashpack.tn\/wp-content\/uploads\/2025\/04\/Scotch-dEmballage-100x48_Plan-de-travail-1-416x374.png 416w, https:\/\/flashpack.tn\/wp-content\/uploads\/2025\/04\/Scotch-dEmballage-100x48_Plan-de-travail-1.png 490w\" sizes=\"auto, (max-width: 300px) 100vw, 300px\" \/><\/p>\n","protected":false},"excerpt":{"rendered":"<p>R\u00e9f\u00e9rence 7300100C68 D\u00e9signation Scotch d&#8217;Emballage 100\u00d748 Support Polypropyl\u00e8ne color Incolore<\/p>\n","protected":false},"featured_media":184,"comment_status":"open","ping_status":"closed","template":"","meta":{"_regular_price":[],"currency_symbol":[],"ub_ctt_via":""},"product_cat":[35],"product_tag":[],"class_list":{"0":"post-183","1":"product","2":"type-product","3":"status-publish","4":"has-post-thumbnail","6":"product_cat-film-etirable","8":"first","9":"instock","10":"taxable","11":"shipping-taxable","12":"product-type-simple"},"post_slider_layout_featured_media_urls":{"thumbnail":["https:\/\/flashpack.tn\/wp-content\/uploads\/2025\/04\/Scotch-dEmballage-100x48_Plan-de-travail-1-150x150.png",150,150,true],"post_slider_layout_landscape_large":["https:\/\/flashpack.tn\/wp-content\/uploads\/2025\/04\/Scotch-dEmballage-100x48_Plan-de-travail-1.png",490,440,false],"post_slider_layout_portrait_large":["https:\/\/flashpack.tn\/wp-content\/uploads\/2025\/04\/Scotch-dEmballage-100x48_Plan-de-travail-1.png",490,440,false],"post_slider_layout_square_large":["https:\/\/flashpack.tn\/wp-content\/uploads\/2025\/04\/Scotch-dEmballage-100x48_Plan-de-travail-1.png",490,440,false],"post_slider_layout_landscape":["https:\/\/flashpack.tn\/wp-content\/uploads\/2025\/04\/Scotch-dEmballage-100x48_Plan-de-travail-1-490x400.png",490,400,true],"post_slider_layout_portrait":["https:\/\/flashpack.tn\/wp-content\/uploads\/2025\/04\/Scotch-dEmballage-100x48_Plan-de-travail-1.png",490,440,false],"post_slider_layout_square":["https:\/\/flashpack.tn\/wp-content\/uploads\/2025\/04\/Scotch-dEmballage-100x48_Plan-de-travail-1.png",490,440,false],"full":["https:\/\/flashpack.tn\/wp-content\/uploads\/2025\/04\/Scotch-dEmballage-100x48_Plan-de-travail-1.png",490,440,false]},"_links":{"self":[{"href":"https:\/\/flashpack.tn\/index.php?rest_route=\/wp\/v2\/product\/183","targetHints":{"allow":["GET"]}}],"collection":[{"href":"https:\/\/flashpack.tn\/index.php?rest_route=\/wp\/v2\/product"}],"about":[{"href":"https:\/\/flashpack.tn\/index.php?rest_route=\/wp\/v2\/types\/product"}],"replies":[{"embeddable":true,"href":"https:\/\/flashpack.tn\/index.php?rest_route=%2Fwp%2Fv2%2Fcomments&post=183"}],"wp:featuredmedia":[{"embeddable":true,"href":"https:\/\/flashpack.tn\/index.php?rest_route=\/wp\/v2\/media\/184"}],"wp:attachment":[{"href":"https:\/\/flashpack.tn\/index.php?rest_route=%2Fwp%2Fv2%2Fmedia&parent=183"}],"wp:term":[{"taxonomy":"product_cat","embeddable":true,"href":"https:\/\/flashpack.tn\/index.php?rest_route=%2Fwp%2Fv2%2Fproduct_cat&post=183"},{"taxonomy":"product_tag","embeddable":true,"href":"https:\/\/flashpack.tn\/index.php?rest_route=%2Fwp%2Fv2%2Fproduct_tag&post=183"}],"curies":[{"name":"wp","href":"https:\/\/api.w.org\/{rel}","templated":true}]}}