{"id":182,"date":"2025-04-19T12:32:31","date_gmt":"2025-04-19T12:32:31","guid":{"rendered":"http:\/\/flashpack.tn\/?post_type=product&#038;p=182"},"modified":"2026-05-01T16:24:55","modified_gmt":"2026-05-01T16:24:55","slug":"caisse-americaine-double-ondulation-kraft","status":"publish","type":"product","link":"https:\/\/flashpack.tn\/?product=caisse-americaine-double-ondulation-kraft","title":{"rendered":"Caisse am\u00e9ricaine double ondulation Kraft"},"content":{"rendered":"<p>Double Ondulation : Une Solution Robuste pour vos produits fragiles et lourds !<\/p>\n<p>Notre double ondulation est sp\u00e9cialement con\u00e7ue pour offrir une r\u00e9sistance exceptionnelle, parfaitement adapt\u00e9e aux articles lourds ou fragiles. Sa couverture ext\u00e9rieure en kraft brun assure une adh\u00e9rence optimale des adh\u00e9sifs, garantissant la s\u00e9curit\u00e9 de vos exp\u00e9ditions.<\/p>\n","protected":false},"excerpt":{"rendered":"<p>Double Ondulation : Une Solution Robuste pour vos produits fragiles et lourds ! Notre double ondulation est sp\u00e9cialement con\u00e7ue pour offrir une r\u00e9sistance exceptionnelle, parfaitement adapt\u00e9e aux articles lourds ou fragiles. Sa couverture ext\u00e9rieure en kraft brun assure une adh\u00e9rence optimale des adh\u00e9sifs, garantissant la&hellip;<\/p>\n","protected":false},"featured_media":80,"comment_status":"open","ping_status":"closed","template":"","meta":{"_regular_price":["18"],"currency_symbol":[],"ub_ctt_via":""},"product_cat":[18],"product_tag":[38],"class_list":{"0":"post-182","1":"product","2":"type-product","3":"status-publish","4":"has-post-thumbnail","6":"product_cat-emballages-carton-tunisie","7":"product_tag-caisse-americaine-double-ondulation-kraft","9":"first","10":"instock","11":"taxable","12":"shipping-taxable","13":"purchasable","14":"product-type-simple"},"post_slider_layout_featured_media_urls":{"thumbnail":["https:\/\/flashpack.tn\/wp-content\/uploads\/2023\/09\/cartons-1-150x150.jpeg",150,150,true],"post_slider_layout_landscape_large":["https:\/\/flashpack.tn\/wp-content\/uploads\/2023\/09\/cartons-1.jpeg",162,162,false],"post_slider_layout_portrait_large":["https:\/\/flashpack.tn\/wp-content\/uploads\/2023\/09\/cartons-1.jpeg",162,162,false],"post_slider_layout_square_large":["https:\/\/flashpack.tn\/wp-content\/uploads\/2023\/09\/cartons-1.jpeg",162,162,false],"post_slider_layout_landscape":["https:\/\/flashpack.tn\/wp-content\/uploads\/2023\/09\/cartons-1.jpeg",162,162,false],"post_slider_layout_portrait":["https:\/\/flashpack.tn\/wp-content\/uploads\/2023\/09\/cartons-1.jpeg",162,162,false],"post_slider_layout_square":["https:\/\/flashpack.tn\/wp-content\/uploads\/2023\/09\/cartons-1.jpeg",162,162,false],"full":["https:\/\/flashpack.tn\/wp-content\/uploads\/2023\/09\/cartons-1.jpeg",162,162,false]},"_links":{"self":[{"href":"https:\/\/flashpack.tn\/index.php?rest_route=\/wp\/v2\/product\/182","targetHints":{"allow":["GET"]}}],"collection":[{"href":"https:\/\/flashpack.tn\/index.php?rest_route=\/wp\/v2\/product"}],"about":[{"href":"https:\/\/flashpack.tn\/index.php?rest_route=\/wp\/v2\/types\/product"}],"replies":[{"embeddable":true,"href":"https:\/\/flashpack.tn\/index.php?rest_route=%2Fwp%2Fv2%2Fcomments&post=182"}],"wp:featuredmedia":[{"embeddable":true,"href":"https:\/\/flashpack.tn\/index.php?rest_route=\/wp\/v2\/media\/80"}],"wp:attachment":[{"href":"https:\/\/flashpack.tn\/index.php?rest_route=%2Fwp%2Fv2%2Fmedia&parent=182"}],"wp:term":[{"taxonomy":"product_cat","embeddable":true,"href":"https:\/\/flashpack.tn\/index.php?rest_route=%2Fwp%2Fv2%2Fproduct_cat&post=182"},{"taxonomy":"product_tag","embeddable":true,"href":"https:\/\/flashpack.tn\/index.php?rest_route=%2Fwp%2Fv2%2Fproduct_tag&post=182"}],"curies":[{"name":"wp","href":"https:\/\/api.w.org\/{rel}","templated":true}]}}